{"id":1138,"date":"2023-07-03T17:24:41","date_gmt":"2023-07-03T20:24:41","guid":{"rendered":"http:\/\/br576.teste.website\/~baruda15\/temporario.com\/?page_id=1138"},"modified":"2023-07-03T17:28:02","modified_gmt":"2023-07-03T20:28:02","slug":"eventos","status":"publish","type":"page","link":"https:\/\/barudan.com.br\/site\/eventos\/","title":{"rendered":"Eventos"},"content":{"rendered":"<div class=\"fusion-fullwidth fullwidth-box fusion-builder-row-1 fusion-flex-container has-pattern-background has-mask-background nonhundred-percent-fullwidth non-hundred-percent-height-scrolling\" style=\"--awb-border-radius-top-left:0px;--awb-border-radius-top-right:0px;--awb-border-radius-bottom-right:0px;--awb-border-radius-bottom-left:0px;--awb-padding-top:60px;--awb-flex-wrap:wrap;\" ><div class=\"fusion-builder-row fusion-row fusion-flex-align-items-flex-start fusion-flex-content-wrap\" style=\"max-width:1248px;margin-left: calc(-4% \/ 2 );margin-right: calc(-4% \/ 2 );\"><div class=\"fusion-layout-column fusion_builder_column fusion-builder-column-0 fusion_builder_column_1_1 1_1 fusion-flex-column\" style=\"--awb-bg-size:cover;--awb-width-large:100%;--awb-margin-top-large:0px;--awb-spacing-right-large:1.92%;--awb-margin-bottom-large:20px;--awb-spacing-left-large:1.92%;--awb-width-medium:100%;--awb-order-medium:0;--awb-spacing-right-medium:1.92%;--awb-spacing-left-medium:1.92%;--awb-width-small:100%;--awb-order-small:0;--awb-spacing-right-small:1.92%;--awb-spacing-left-small:1.92%;\"><div class=\"fusion-column-wrapper fusion-column-has-shadow fusion-flex-justify-content-flex-start fusion-content-layout-column\"><div class=\"fusion-blog-shortcode fusion-blog-shortcode-1 fusion-blog-archive fusion-blog-layout-medium fusion-blog-pagination\"><div class=\"fusion-posts-container fusion-posts-container-pagination\" data-pages=\"1\"><article id=\"blog-1-post-2341\" class=\"fusion-post-medium post-2341 post type-post status-publish format-standard has-post-thumbnail hentry category-eventos\">\n\t<style type=\"text\/css\">\n\t\t\n\t\t\n\t\t\n\t\t\n\t\t\t<\/style>\n\n\n\t\t\t<div class=\"fusion-flexslider flexslider fusion-flexslider-loading fusion-post-slideshow\" style=\"\">\n\t\t<ul class=\"slides\">\n\t\t\t\n\t\t\t\t\t\t\t\t\t\t\t\t\t\t<li><div  class=\"fusion-image-wrapper fusion-image-size-fixed\" aria-haspopup=\"true\">\n\t\t\t\t\t\t\t<a href=\"https:\/\/barudan.com.br\/site\/agrestetex-2026\/\" aria-label=\"Agrestetex 2026\">\n\t\t\t\t\t\t\t<img decoding=\"async\" width=\"320\" height=\"202\" src=\"https:\/\/barudan.com.br\/site\/wp-content\/uploads\/2024\/09\/site3-320x202.jpg\" class=\"attachment-blog-medium size-blog-medium wp-post-image\" alt=\"\" \/>\t\t\t<\/a>\n\t\t\t\t\t\t\t<\/div>\n<\/li>\n\t\t\t\n\t\t\t\n\t\t\t\t\t\t\t\t\t\t\t\t\t\t\t\t\t\t\t\t\t\t\t\t\t\t\t\t\t\t\t\t\t\t\t\t\t\t\t\t\t\t\t\t\t\t\t\t\t\t\t\t\t\t\t\t\t\t\t\t\t\t\t\t\t\t\t\t<\/ul>\n\t<\/div>\n\t<div class=\"fusion-post-content post-content\"><h2 class=\"blog-shortcode-post-title entry-title\"><a href=\"https:\/\/barudan.com.br\/site\/agrestetex-2026\/\">Agrestetex 2026<\/a><\/h2><div class=\"fusion-post-content-container\"><p>Feira de Tecnologias para a Ind\u00fastria T\u00eaxtil e de Confec\u00e7\u00e3o.<\/p><\/div><\/div><div class=\"fusion-clearfix\"><\/div><div class=\"fusion-meta-info\"><div class=\"fusion-alignleft\"><span class=\"vcard\" style=\"display: none;\"><span class=\"fn\"><a href=\"https:\/\/barudan.com.br\/site\/author\/eneida\/\" title=\"Posts de Marketing Barudan\" rel=\"author\">Marketing Barudan<\/a><\/span><\/span><span class=\"updated\" style=\"display:none;\">2026-03-09T12:11:29-03:00<\/span><span>16 de abril de 2023<\/span><span class=\"fusion-inline-sep\">|<\/span><a href=\"https:\/\/barudan.com.br\/site\/category\/eventos\/\" rel=\"category tag\">Eventos<\/a><span class=\"fusion-inline-sep\">|<\/span><\/div><\/div><\/article>\n<article id=\"blog-1-post-183\" class=\"fusion-post-medium post-183 post type-post status-publish format-standard has-post-thumbnail hentry category-eventos\">\n\t<style type=\"text\/css\">\n\t\t\n\t\t\n\t\t\n\t\t\n\t\t\t<\/style>\n\n\n\t\t\t<div class=\"fusion-flexslider flexslider fusion-flexslider-loading fusion-post-slideshow\" style=\"\">\n\t\t<ul class=\"slides\">\n\t\t\t\n\t\t\t\t\t\t\t\t\t\t\t\t\t\t<li><div  class=\"fusion-image-wrapper fusion-image-size-fixed\" aria-haspopup=\"true\">\n\t\t\t\t\t\t\t<a href=\"https:\/\/barudan.com.br\/site\/evento-xyz-123\/\" aria-label=\"Texprocess 2026\">\n\t\t\t\t\t\t\t<img decoding=\"async\" width=\"320\" height=\"202\" src=\"https:\/\/barudan.com.br\/site\/wp-content\/uploads\/2023\/04\/site1-2-320x202.jpg\" class=\"attachment-blog-medium size-blog-medium wp-post-image\" alt=\"\" \/>\t\t\t<\/a>\n\t\t\t\t\t\t\t<\/div>\n<\/li>\n\t\t\t\n\t\t\t\n\t\t\t\t\t\t\t\t\t\t\t\t\t\t\t\t\t\t\t\t\t\t\t\t\t\t\t\t\t\t\t\t\t\t\t\t\t\t\t\t\t\t\t\t\t\t\t\t\t\t\t\t\t\t\t\t\t\t\t\t\t\t\t\t\t\t\t\t<\/ul>\n\t<\/div>\n\t<div class=\"fusion-post-content post-content\"><h2 class=\"blog-shortcode-post-title entry-title\"><a href=\"https:\/\/barudan.com.br\/site\/evento-xyz-123\/\">Texprocess 2026<\/a><\/h2><div class=\"fusion-post-content-container\"><p>Feira Internacional de T\u00eaxteis T\u00e9cnicos, N\u00e3o Tecidos e Processamento T\u00eaxtil.<\/p><\/div><\/div><div class=\"fusion-clearfix\"><\/div><div class=\"fusion-meta-info\"><div class=\"fusion-alignleft\"><span class=\"vcard\" style=\"display: none;\"><span class=\"fn\"><a href=\"https:\/\/barudan.com.br\/site\/author\/pinzon17\/\" title=\"Posts de Marco Alonso\" rel=\"author\">Marco Alonso<\/a><\/span><\/span><span class=\"updated\" style=\"display:none;\">2025-09-30T13:48:12-03:00<\/span><span>16 de abril de 2023<\/span><span class=\"fusion-inline-sep\">|<\/span><a href=\"https:\/\/barudan.com.br\/site\/category\/eventos\/\" rel=\"category tag\">Eventos<\/a><span class=\"fusion-inline-sep\">|<\/span><\/div><\/div><\/article>\n<article id=\"blog-1-post-179\" class=\"fusion-post-medium post-179 post type-post status-publish format-standard has-post-thumbnail hentry category-eventos\">\n\t<style type=\"text\/css\">\n\t\t\n\t\t\n\t\t\n\t\t\n\t\t\t<\/style>\n\n\n\t\t\t<div class=\"fusion-flexslider flexslider fusion-flexslider-loading fusion-post-slideshow\" style=\"\">\n\t\t<ul class=\"slides\">\n\t\t\t\n\t\t\t\t\t\t\t\t\t\t\t\t\t\t<li><div  class=\"fusion-image-wrapper fusion-image-size-fixed\" aria-haspopup=\"true\">\n\t\t\t\t\t\t\t<a href=\"https:\/\/barudan.com.br\/site\/febratex\/\" aria-label=\"Febratex 2026\">\n\t\t\t\t\t\t\t<img decoding=\"async\" width=\"320\" height=\"202\" src=\"https:\/\/barudan.com.br\/site\/wp-content\/uploads\/2023\/04\/site-3-320x202.jpg\" class=\"attachment-blog-medium size-blog-medium wp-post-image\" alt=\"\" \/>\t\t\t<\/a>\n\t\t\t\t\t\t\t<\/div>\n<\/li>\n\t\t\t\n\t\t\t\n\t\t\t\t\t\t\t\t\t\t\t\t\t\t\t\t\t\t\t\t\t\t\t\t\t\t\t\t\t\t\t\t\t\t\t\t\t\t\t\t\t\t\t\t\t\t\t\t\t\t\t\t\t\t\t\t\t\t\t\t\t\t\t\t\t\t\t\t<\/ul>\n\t<\/div>\n\t<div class=\"fusion-post-content post-content\"><h2 class=\"blog-shortcode-post-title entry-title\"><a href=\"https:\/\/barudan.com.br\/site\/febratex\/\">Febratex 2026<\/a><\/h2><div class=\"fusion-post-content-container\"><p>Feira Brasileira para a Ind\u00fastria T\u00eaxtil e de Confec\u00e7\u00e3o.<\/p><\/div><\/div><div class=\"fusion-clearfix\"><\/div><div class=\"fusion-meta-info\"><div class=\"fusion-alignleft\"><span class=\"vcard\" style=\"display: none;\"><span class=\"fn\"><a href=\"https:\/\/barudan.com.br\/site\/author\/pinzon17\/\" title=\"Posts de Marco Alonso\" rel=\"author\">Marco Alonso<\/a><\/span><\/span><span class=\"updated\" style=\"display:none;\">2025-03-21T14:08:54-03:00<\/span><span>16 de abril de 2023<\/span><span class=\"fusion-inline-sep\">|<\/span><a href=\"https:\/\/barudan.com.br\/site\/category\/eventos\/\" rel=\"category tag\">Eventos<\/a><span class=\"fusion-inline-sep\">|<\/span><\/div><\/div><\/article>\n<article id=\"blog-1-post-2055\" class=\"fusion-post-medium post-2055 post type-post status-publish format-standard has-post-thumbnail hentry category-eventos\">\n\t<style type=\"text\/css\">\n\t\t\n\t\t\n\t\t\n\t\t\n\t\t\t<\/style>\n\n\n\t\t\t<div class=\"fusion-flexslider flexslider fusion-flexslider-loading fusion-post-slideshow\" style=\"\">\n\t\t<ul class=\"slides\">\n\t\t\t\n\t\t\t\t\t\t\t\t\t\t\t\t\t\t<li><div  class=\"fusion-image-wrapper fusion-image-size-fixed\" aria-haspopup=\"true\">\n\t\t\t\t\t\t\t<a href=\"https:\/\/barudan.com.br\/site\/fimec-2025\/\" aria-label=\"Fimec 2027\">\n\t\t\t\t\t\t\t<img decoding=\"async\" width=\"320\" height=\"202\" src=\"https:\/\/barudan.com.br\/site\/wp-content\/uploads\/2023\/04\/site-7-320x202.jpg\" class=\"attachment-blog-medium size-blog-medium wp-post-image\" alt=\"\" srcset=\"https:\/\/barudan.com.br\/site\/wp-content\/uploads\/2023\/04\/site-7-320x202.jpg 320w, https:\/\/barudan.com.br\/site\/wp-content\/uploads\/2023\/04\/site-7-700x441.jpg 700w\" sizes=\"(max-width: 320px) 100vw, 320px\" \/>\t\t\t<\/a>\n\t\t\t\t\t\t\t<\/div>\n<\/li>\n\t\t\t\n\t\t\t\n\t\t\t\t\t\t\t\t\t\t\t\t\t\t\t\t\t\t\t\t\t\t\t\t\t\t\t\t\t\t\t\t\t\t\t\t\t\t\t\t\t\t\t\t\t\t\t\t\t\t\t\t\t\t\t\t\t\t\t\t\t\t\t\t\t\t\t\t<\/ul>\n\t<\/div>\n\t<div class=\"fusion-post-content post-content\"><h2 class=\"blog-shortcode-post-title entry-title\"><a href=\"https:\/\/barudan.com.br\/site\/fimec-2025\/\">Fimec 2027<\/a><\/h2><div class=\"fusion-post-content-container\"><p>Feira Internacional de Couros, Produtos Qu\u00edmicos, Componentes, M\u00e1quinas e Equipamentos para Cal\u00e7ados e Curtumes<\/p><\/div><\/div><div class=\"fusion-clearfix\"><\/div><div class=\"fusion-meta-info\"><div class=\"fusion-alignleft\"><span class=\"vcard\" style=\"display: none;\"><span class=\"fn\"><a href=\"https:\/\/barudan.com.br\/site\/author\/eneida\/\" title=\"Posts de Marketing Barudan\" rel=\"author\">Marketing Barudan<\/a><\/span><\/span><span class=\"updated\" style=\"display:none;\">2026-03-10T08:11:59-03:00<\/span><span>16 de abril de 2023<\/span><span class=\"fusion-inline-sep\">|<\/span><a href=\"https:\/\/barudan.com.br\/site\/category\/eventos\/\" rel=\"category tag\">Eventos<\/a><span class=\"fusion-inline-sep\">|<\/span><\/div><\/div><\/article>\n<article id=\"blog-1-post-1969\" class=\"fusion-post-medium post-1969 post type-post status-publish format-standard has-post-thumbnail hentry category-eventos\">\n\t<style type=\"text\/css\">\n\t\t\n\t\t\n\t\t\n\t\t\n\t\t\t<\/style>\n\n\n\t\t\t<div class=\"fusion-flexslider flexslider fusion-flexslider-loading fusion-post-slideshow\" style=\"\">\n\t\t<ul class=\"slides\">\n\t\t\t\n\t\t\t\t\t\t\t\t\t\t\t\t\t\t<li><div  class=\"fusion-image-wrapper fusion-image-size-fixed\" aria-haspopup=\"true\">\n\t\t\t\t\t\t\t<a href=\"https:\/\/barudan.com.br\/site\/tecnotextil-brasil-2025\/\" aria-label=\"Tecnot\u00eaxtil Brasil 2027\">\n\t\t\t\t\t\t\t<img decoding=\"async\" width=\"320\" height=\"202\" src=\"https:\/\/barudan.com.br\/site\/wp-content\/uploads\/2023\/04\/SITE2-4-320x202.jpg\" class=\"attachment-blog-medium size-blog-medium wp-post-image\" alt=\"\" srcset=\"https:\/\/barudan.com.br\/site\/wp-content\/uploads\/2023\/04\/SITE2-4-320x202.jpg 320w, https:\/\/barudan.com.br\/site\/wp-content\/uploads\/2023\/04\/SITE2-4-700x441.jpg 700w\" sizes=\"(max-width: 320px) 100vw, 320px\" \/>\t\t\t<\/a>\n\t\t\t\t\t\t\t<\/div>\n<\/li>\n\t\t\t\n\t\t\t\n\t\t\t\t\t\t\t\t\t\t\t\t\t\t\t\t\t\t\t\t\t\t\t\t\t\t\t\t\t\t\t\t\t\t\t\t\t\t\t\t\t\t\t\t\t\t\t\t\t\t\t\t\t\t\t\t\t\t\t\t\t\t\t\t\t\t\t\t<\/ul>\n\t<\/div>\n\t<div class=\"fusion-post-content post-content\"><h2 class=\"blog-shortcode-post-title entry-title\"><a href=\"https:\/\/barudan.com.br\/site\/tecnotextil-brasil-2025\/\">Tecnot\u00eaxtil Brasil 2027<\/a><\/h2><div class=\"fusion-post-content-container\"><p>Feira de Tecnologias para a Ind\u00fastria T\u00eaxtil<\/p><\/div><\/div><div class=\"fusion-clearfix\"><\/div><div class=\"fusion-meta-info\"><div class=\"fusion-alignleft\"><span class=\"vcard\" style=\"display: none;\"><span class=\"fn\"><a href=\"https:\/\/barudan.com.br\/site\/author\/eneida\/\" title=\"Posts de Marketing Barudan\" rel=\"author\">Marketing Barudan<\/a><\/span><\/span><span class=\"updated\" style=\"display:none;\">2026-03-10T08:21:54-03:00<\/span><span>16 de abril de 2023<\/span><span class=\"fusion-inline-sep\">|<\/span><a href=\"https:\/\/barudan.com.br\/site\/category\/eventos\/\" rel=\"category tag\">Eventos<\/a><span class=\"fusion-inline-sep\">|<\/span><\/div><\/div><\/article>\n<article id=\"blog-1-post-181\" class=\"fusion-post-medium post-181 post type-post status-publish format-standard has-post-thumbnail hentry category-eventos\">\n\t<style type=\"text\/css\">\n\t\t\n\t\t\n\t\t\n\t\t\n\t\t\t<\/style>\n\n\n\t\t\t<div class=\"fusion-flexslider flexslider fusion-flexslider-loading fusion-post-slideshow\" style=\"\">\n\t\t<ul class=\"slides\">\n\t\t\t\n\t\t\t\t\t\t\t\t\t\t\t\t\t\t<li><div  class=\"fusion-image-wrapper fusion-image-size-fixed\" aria-haspopup=\"true\">\n\t\t\t\t\t\t\t<a href=\"https:\/\/barudan.com.br\/site\/maquintex-signs\/\" aria-label=\"Maquintex 2027\">\n\t\t\t\t\t\t\t<img decoding=\"async\" width=\"320\" height=\"202\" src=\"https:\/\/barudan.com.br\/site\/wp-content\/uploads\/2023\/04\/site2-5-320x202.jpg\" class=\"attachment-blog-medium size-blog-medium wp-post-image\" alt=\"\" srcset=\"https:\/\/barudan.com.br\/site\/wp-content\/uploads\/2023\/04\/site2-5-320x202.jpg 320w, https:\/\/barudan.com.br\/site\/wp-content\/uploads\/2023\/04\/site2-5-700x441.jpg 700w\" sizes=\"(max-width: 320px) 100vw, 320px\" \/>\t\t\t<\/a>\n\t\t\t\t\t\t\t<\/div>\n<\/li>\n\t\t\t\n\t\t\t\n\t\t\t\t\t\t\t\t\t\t\t\t\t\t\t\t\t\t\t\t\t\t\t\t\t\t\t\t\t\t\t\t\t\t\t\t\t\t\t\t\t\t\t\t\t\t\t\t\t\t\t\t\t\t\t\t\t\t\t\t\t\t\t\t\t\t\t\t<\/ul>\n\t<\/div>\n\t<div class=\"fusion-post-content post-content\"><h2 class=\"blog-shortcode-post-title entry-title\"><a href=\"https:\/\/barudan.com.br\/site\/maquintex-signs\/\">Maquintex 2027<\/a><\/h2><div class=\"fusion-post-content-container\"><p>Feira de M\u00e1quinas, Equipamentos, Servi\u00e7os e Qu\u00edmica para a Ind\u00fastria T\u00eaxtil e de Confec\u00e7\u00e3o.<\/p><\/div><\/div><div class=\"fusion-clearfix\"><\/div><div class=\"fusion-meta-info\"><div class=\"fusion-alignleft\"><span class=\"vcard\" style=\"display: none;\"><span class=\"fn\"><a href=\"https:\/\/barudan.com.br\/site\/author\/pinzon17\/\" title=\"Posts de Marco Alonso\" rel=\"author\">Marco Alonso<\/a><\/span><\/span><span class=\"updated\" style=\"display:none;\">2026-03-10T08:34:24-03:00<\/span><span>16 de abril de 2023<\/span><span class=\"fusion-inline-sep\">|<\/span><a href=\"https:\/\/barudan.com.br\/site\/category\/eventos\/\" rel=\"category tag\">Eventos<\/a><span class=\"fusion-inline-sep\">|<\/span><\/div><\/div><\/article>\n<\/div><\/div><\/div><\/div><\/div><\/div>\n","protected":false},"excerpt":{"rendered":"","protected":false},"author":1,"featured_media":0,"parent":0,"menu_order":0,"comment_status":"closed","ping_status":"closed","template":"","meta":{"footnotes":""},"class_list":["post-1138","page","type-page","status-publish","hentry"],"_links":{"self":[{"href":"https:\/\/barudan.com.br\/site\/wp-json\/wp\/v2\/pages\/1138","targetHints":{"allow":["GET"]}}],"collection":[{"href":"https:\/\/barudan.com.br\/site\/wp-json\/wp\/v2\/pages"}],"about":[{"href":"https:\/\/barudan.com.br\/site\/wp-json\/wp\/v2\/types\/page"}],"author":[{"embeddable":true,"href":"https:\/\/barudan.com.br\/site\/wp-json\/wp\/v2\/users\/1"}],"replies":[{"embeddable":true,"href":"https:\/\/barudan.com.br\/site\/wp-json\/wp\/v2\/comments?post=1138"}],"version-history":[{"count":3,"href":"https:\/\/barudan.com.br\/site\/wp-json\/wp\/v2\/pages\/1138\/revisions"}],"predecessor-version":[{"id":1142,"href":"https:\/\/barudan.com.br\/site\/wp-json\/wp\/v2\/pages\/1138\/revisions\/1142"}],"wp:attachment":[{"href":"https:\/\/barudan.com.br\/site\/wp-json\/wp\/v2\/media?parent=1138"}],"curies":[{"name":"wp","href":"https:\/\/api.w.org\/{rel}","templated":true}]}}