{"id":449,"date":"2023-04-29T08:28:30","date_gmt":"2023-04-29T11:28:30","guid":{"rendered":"http:\/\/br576.teste.website\/~baruda15\/temporario.com\/?page_id=449"},"modified":"2023-06-05T08:21:09","modified_gmt":"2023-06-05T11:21:09","slug":"a-empresa","status":"publish","type":"page","link":"https:\/\/barudan.com.br\/site\/a-empresa\/","title":{"rendered":"A empresa"},"content":{"rendered":"<div class=\"fusion-fullwidth fullwidth-box fusion-builder-row-1 fusion-flex-container has-pattern-background has-mask-background nonhundred-percent-fullwidth non-hundred-percent-height-scrolling\" style=\"--awb-border-radius-top-left:0px;--awb-border-radius-top-right:0px;--awb-border-radius-bottom-right:0px;--awb-border-radius-bottom-left:0px;--awb-flex-wrap:wrap;\" ><div class=\"fusion-builder-row fusion-row fusion-flex-align-items-flex-start fusion-flex-content-wrap\" style=\"max-width:1248px;margin-left: calc(-4% \/ 2 );margin-right: calc(-4% \/ 2 );\"><div class=\"fusion-layout-column fusion_builder_column fusion-builder-column-0 fusion_builder_column_1_6 1_6 fusion-flex-column fusion-no-small-visibility\" style=\"--awb-bg-size:cover;--awb-width-large:16.666666666667%;--awb-margin-top-large:0px;--awb-spacing-right-large:11.52%;--awb-margin-bottom-large:20px;--awb-spacing-left-large:11.52%;--awb-width-medium:16.666666666667%;--awb-order-medium:0;--awb-spacing-right-medium:11.52%;--awb-spacing-left-medium:11.52%;--awb-width-small:100%;--awb-order-small:0;--awb-spacing-right-small:1.92%;--awb-spacing-left-small:1.92%;\" data-scroll-devices=\"small-visibility,medium-visibility,large-visibility\"><div class=\"fusion-column-wrapper fusion-column-has-shadow fusion-flex-justify-content-flex-start fusion-content-layout-column\"><\/div><\/div><div class=\"fusion-layout-column fusion_builder_column fusion-builder-column-1 fusion_builder_column_2_3 2_3 fusion-flex-column\" style=\"--awb-bg-size:cover;--awb-width-large:66.666666666667%;--awb-margin-top-large:0px;--awb-spacing-right-large:2.88%;--awb-margin-bottom-large:20px;--awb-spacing-left-large:2.88%;--awb-width-medium:66.666666666667%;--awb-order-medium:0;--awb-spacing-right-medium:2.88%;--awb-spacing-left-medium:2.88%;--awb-width-small:100%;--awb-order-small:0;--awb-spacing-right-small:1.92%;--awb-spacing-left-small:1.92%;\"><div class=\"fusion-column-wrapper fusion-column-has-shadow fusion-flex-justify-content-flex-start fusion-content-layout-column\"><div class=\"fusion-slider-sc\" id=\"slider-a-empresa\"><div class=\"fusion-flexslider-loading flexslider flexslider-hover-type-none\" data-slideshow_autoplay=\"1\" data-slideshow_smooth_height=\"0\" data-slideshow_speed=\"7000\" style=\"max-width:100%;height:100%;\"><ul class=\"slides\"><li class=\"image\"><span class=\"fusion-image-hover-element hover-type-none\"><img decoding=\"async\" src=\"http:\/\/br576.teste.website\/~baruda15\/temporario.com\/wp-content\/uploads\/2023\/04\/A-empresa-01.jpeg\" width=\"946\" height=\"452\" class=\"wp-image-452\" srcset=\"https:\/\/barudan.com.br\/site\/wp-content\/uploads\/2023\/04\/A-empresa-01-200x96.jpeg 200w, https:\/\/barudan.com.br\/site\/wp-content\/uploads\/2023\/04\/A-empresa-01-400x191.jpeg 400w, https:\/\/barudan.com.br\/site\/wp-content\/uploads\/2023\/04\/A-empresa-01-600x287.jpeg 600w, https:\/\/barudan.com.br\/site\/wp-content\/uploads\/2023\/04\/A-empresa-01-800x382.jpeg 800w, https:\/\/barudan.com.br\/site\/wp-content\/uploads\/2023\/04\/A-empresa-01.jpeg 946w\" sizes=\"(max-width: 640px) 100vw, 800px\" \/><\/span><\/li><li class=\"image\"><span class=\"fusion-image-hover-element hover-type-none\"><img decoding=\"async\" src=\"http:\/\/br576.teste.website\/~baruda15\/temporario.com\/wp-content\/uploads\/2023\/04\/A-empresa-02.jpeg\" width=\"946\" height=\"452\" class=\"wp-image-453\" srcset=\"https:\/\/barudan.com.br\/site\/wp-content\/uploads\/2023\/04\/A-empresa-02-200x96.jpeg 200w, https:\/\/barudan.com.br\/site\/wp-content\/uploads\/2023\/04\/A-empresa-02-400x191.jpeg 400w, https:\/\/barudan.com.br\/site\/wp-content\/uploads\/2023\/04\/A-empresa-02-600x287.jpeg 600w, https:\/\/barudan.com.br\/site\/wp-content\/uploads\/2023\/04\/A-empresa-02-800x382.jpeg 800w, https:\/\/barudan.com.br\/site\/wp-content\/uploads\/2023\/04\/A-empresa-02.jpeg 946w\" sizes=\"(max-width: 640px) 100vw, 800px\" \/><\/span><\/li><li class=\"image\"><span class=\"fusion-image-hover-element hover-type-none\"><img decoding=\"async\" src=\"http:\/\/br576.teste.website\/~baruda15\/temporario.com\/wp-content\/uploads\/2023\/04\/A-empresa-03.jpeg\" width=\"946\" height=\"452\" class=\"wp-image-454\" srcset=\"https:\/\/barudan.com.br\/site\/wp-content\/uploads\/2023\/04\/A-empresa-03-200x96.jpeg 200w, https:\/\/barudan.com.br\/site\/wp-content\/uploads\/2023\/04\/A-empresa-03-400x191.jpeg 400w, https:\/\/barudan.com.br\/site\/wp-content\/uploads\/2023\/04\/A-empresa-03-600x287.jpeg 600w, https:\/\/barudan.com.br\/site\/wp-content\/uploads\/2023\/04\/A-empresa-03-800x382.jpeg 800w, https:\/\/barudan.com.br\/site\/wp-content\/uploads\/2023\/04\/A-empresa-03.jpeg 946w\" sizes=\"(max-width: 640px) 100vw, 800px\" \/><\/span><\/li><li class=\"image\"><span class=\"fusion-image-hover-element hover-type-none\"><img decoding=\"async\" src=\"http:\/\/br576.teste.website\/~baruda15\/temporario.com\/wp-content\/uploads\/2023\/04\/A-empresa-04.jpeg\" width=\"946\" height=\"452\" class=\"wp-image-455\" srcset=\"https:\/\/barudan.com.br\/site\/wp-content\/uploads\/2023\/04\/A-empresa-04-200x96.jpeg 200w, https:\/\/barudan.com.br\/site\/wp-content\/uploads\/2023\/04\/A-empresa-04-400x191.jpeg 400w, https:\/\/barudan.com.br\/site\/wp-content\/uploads\/2023\/04\/A-empresa-04-600x287.jpeg 600w, https:\/\/barudan.com.br\/site\/wp-content\/uploads\/2023\/04\/A-empresa-04-800x382.jpeg 800w, https:\/\/barudan.com.br\/site\/wp-content\/uploads\/2023\/04\/A-empresa-04.jpeg 946w\" sizes=\"(max-width: 640px) 100vw, 800px\" \/><\/span><\/li><\/ul><\/div><\/div><div class=\"fusion-text fusion-text-1\"><p>Considerado o mais tradicional fabricante de M\u00e1quinas Autom\u00e1ticas de Bordar desde 1992 no Brasil.<\/p>\n<p>Proporcionamos ao ramo de bordados exclusividade e especializada consultoria para projetos de instala\u00e7\u00e3o, comercializa\u00e7\u00e3o, treinamentos operacionais e de programa\u00e7\u00e3o, al\u00e9m de total assist\u00eancia t\u00e9cnica de nossos equipamentos.<\/p>\n<p>Contamos, ainda, com amplo estoque de pe\u00e7as de reposi\u00e7\u00e3o.<\/p>\n<p>Barudan, voc\u00ea ainda n\u00e3o tem uma ???<\/p>\n<\/div><div class=\"fusion-image-element \" style=\"--awb-caption-title-font-family:var(--h2_typography-font-family);--awb-caption-title-font-weight:var(--h2_typography-font-weight);--awb-caption-title-font-style:var(--h2_typography-font-style);--awb-caption-title-size:var(--h2_typography-font-size);--awb-caption-title-transform:var(--h2_typography-text-transform);--awb-caption-title-line-height:var(--h2_typography-line-height);--awb-caption-title-letter-spacing:var(--h2_typography-letter-spacing);\"><span class=\" fusion-imageframe imageframe-none imageframe-1 hover-type-none\"><img decoding=\"async\" width=\"946\" height=\"444\" title=\"Barudan Global Network\" src=\"http:\/\/br576.teste.website\/~baruda15\/temporario.com\/wp-content\/uploads\/2023\/04\/Barudan-Global-Network.jpg\" alt class=\"img-responsive wp-image-457\" srcset=\"https:\/\/barudan.com.br\/site\/wp-content\/uploads\/2023\/04\/Barudan-Global-Network-200x94.jpg 200w, https:\/\/barudan.com.br\/site\/wp-content\/uploads\/2023\/04\/Barudan-Global-Network-400x188.jpg 400w, https:\/\/barudan.com.br\/site\/wp-content\/uploads\/2023\/04\/Barudan-Global-Network-600x282.jpg 600w, https:\/\/barudan.com.br\/site\/wp-content\/uploads\/2023\/04\/Barudan-Global-Network-800x375.jpg 800w, https:\/\/barudan.com.br\/site\/wp-content\/uploads\/2023\/04\/Barudan-Global-Network.jpg 946w\" sizes=\"(max-width: 640px) 100vw, 800px\" \/><\/span><\/div><\/div><\/div><div class=\"fusion-layout-column fusion_builder_column fusion-builder-column-2 fusion_builder_column_1_6 1_6 fusion-flex-column fusion-no-small-visibility\" style=\"--awb-bg-size:cover;--awb-width-large:16.666666666667%;--awb-margin-top-large:0px;--awb-spacing-right-large:11.52%;--awb-margin-bottom-large:20px;--awb-spacing-left-large:11.52%;--awb-width-medium:16.666666666667%;--awb-order-medium:0;--awb-spacing-right-medium:11.52%;--awb-spacing-left-medium:11.52%;--awb-width-small:100%;--awb-order-small:0;--awb-spacing-right-small:1.92%;--awb-spacing-left-small:1.92%;\" data-scroll-devices=\"small-visibility,medium-visibility,large-visibility\"><div class=\"fusion-column-wrapper fusion-column-has-shadow fusion-flex-justify-content-flex-start fusion-content-layout-column\"><\/div><\/div><\/div><\/div>\n","protected":false},"excerpt":{"rendered":"","protected":false},"author":1,"featured_media":0,"parent":0,"menu_order":0,"comment_status":"closed","ping_status":"closed","template":"","meta":{"footnotes":""},"class_list":["post-449","page","type-page","status-publish","hentry"],"_links":{"self":[{"href":"https:\/\/barudan.com.br\/site\/wp-json\/wp\/v2\/pages\/449","targetHints":{"allow":["GET"]}}],"collection":[{"href":"https:\/\/barudan.com.br\/site\/wp-json\/wp\/v2\/pages"}],"about":[{"href":"https:\/\/barudan.com.br\/site\/wp-json\/wp\/v2\/types\/page"}],"author":[{"embeddable":true,"href":"https:\/\/barudan.com.br\/site\/wp-json\/wp\/v2\/users\/1"}],"replies":[{"embeddable":true,"href":"https:\/\/barudan.com.br\/site\/wp-json\/wp\/v2\/comments?post=449"}],"version-history":[{"count":7,"href":"https:\/\/barudan.com.br\/site\/wp-json\/wp\/v2\/pages\/449\/revisions"}],"predecessor-version":[{"id":761,"href":"https:\/\/barudan.com.br\/site\/wp-json\/wp\/v2\/pages\/449\/revisions\/761"}],"wp:attachment":[{"href":"https:\/\/barudan.com.br\/site\/wp-json\/wp\/v2\/media?parent=449"}],"curies":[{"name":"wp","href":"https:\/\/api.w.org\/{rel}","templated":true}]}}