{"id":584,"date":"2023-05-27T07:48:21","date_gmt":"2023-05-27T10:48:21","guid":{"rendered":"http:\/\/br576.teste.website\/~baruda15\/temporario.com\/?page_id=584"},"modified":"2025-03-24T16:34:59","modified_gmt":"2025-03-24T19:34:59","slug":"documentos","status":"publish","type":"page","link":"https:\/\/barudan.com.br\/site\/suporte-tecnico\/documentos\/","title":{"rendered":"Documentos"},"content":{"rendered":"<div class=\"fusion-fullwidth fullwidth-box fusion-builder-row-1 fusion-flex-container nonhundred-percent-fullwidth non-hundred-percent-height-scrolling\" style=\"--awb-border-radius-top-left:0px;--awb-border-radius-top-right:0px;--awb-border-radius-bottom-right:0px;--awb-border-radius-bottom-left:0px;--awb-flex-wrap:wrap;\" ><div class=\"fusion-builder-row fusion-row fusion-flex-align-items-flex-start fusion-flex-content-wrap\" style=\"max-width:1248px;margin-left: calc(-4% \/ 2 );margin-right: calc(-4% \/ 2 );\"><div class=\"fusion-layout-column fusion_builder_column fusion-builder-column-0 fusion_builder_column_1_6 1_6 fusion-flex-column fusion-no-medium-visibility fusion-no-large-visibility\" style=\"--awb-bg-size:cover;--awb-width-large:16.666666666667%;--awb-margin-top-large:0px;--awb-spacing-right-large:11.52%;--awb-margin-bottom-large:20px;--awb-spacing-left-large:11.52%;--awb-width-medium:16.666666666667%;--awb-order-medium:0;--awb-spacing-right-medium:11.52%;--awb-spacing-left-medium:11.52%;--awb-width-small:100%;--awb-order-small:0;--awb-spacing-right-small:1.92%;--awb-spacing-left-small:1.92%;\" data-scroll-devices=\"small-visibility,medium-visibility,large-visibility\"><div class=\"fusion-column-wrapper fusion-column-has-shadow fusion-flex-justify-content-flex-start fusion-content-layout-column\"><i class=\"fb-icon-element-1 fb-icon-element fontawesome-icon fa-arrow-right fas circle-no fusion-animated\" style=\"--awb-iconcolor:var(--awb-custom_color_2);--awb-iconcolor-hover:var(--awb-custom_color_2);--awb-font-size:18px;--awb-margin-top:0;--awb-margin-right:0;--awb-margin-bottom:0;--awb-margin-left:9px;--awb-align-self:flex-end;\" data-animationType=\"shake\" data-animationDuration=\"2.0\" data-animationDelay=\"0.8\" data-animationOffset=\"top-into-view\"><\/i><\/div><\/div><div class=\"fusion-layout-column fusion_builder_column fusion-builder-column-1 fusion_builder_column_1_1 1_1 fusion-flex-column\" style=\"--awb-bg-blend:overlay;--awb-bg-size:cover;--awb-width-large:100%;--awb-margin-top-large:0px;--awb-spacing-right-large:1.92%;--awb-margin-bottom-large:0px;--awb-spacing-left-large:1.92%;--awb-width-medium:100%;--awb-spacing-right-medium:1.92%;--awb-spacing-left-medium:1.92%;--awb-width-small:100%;--awb-spacing-right-small:1.92%;--awb-spacing-left-small:1.92%;\"><div class=\"fusion-column-wrapper fusion-flex-justify-content-flex-start fusion-content-layout-column\">\n<div class=\"table-2\">\n<table width=\"100%\">\n<thead>\n<tr>\n<th align=\"left\"><strong>Tipo<\/strong><\/th>\n<th align=\"left\"><strong>Descri\u00e7\u00e3o<\/strong><\/th>\n<th align=\"left\"><strong>Download<\/strong><\/th>\n<\/tr>\n<\/thead>\n<tbody>\n<tr id=\"linha-impar\">\n<td align=\"left\">C\u00f3digos<\/td>\n<td align=\"left\">Tabela com descri\u00e7\u00e3o de todos os\u00a0<strong>c\u00f3digos de erros<\/strong>\u00a0dos modelos s\u00e9rie BEN\u2026, BED\u2026, BEV\u2026, BEX\u2026 &amp; BEK\u2026<\/td>\n<td align=\"left\"><a href=\"https:\/\/barudan.com.br\/site\/wp-content\/uploads\/2025\/03\/Codigos-de-Erro_N_D_V_X_K.pdf\"><img decoding=\"async\" class=\"aligncenter wp-image-662 size-full\" src=\"https:\/\/barudan.com.br\/site\/wp-content\/uploads\/2023\/05\/download.png\" alt=\"\" width=\"35\" height=\"35\" \/><\/a><\/td>\n<\/tr>\n<tr>\n<td align=\"left\">DFS &#8211; K<\/td>\n<td align=\"left\">Manual de instru\u00e7\u00f5es para operar o software de transfer\u00eancia de bordados Design File Server (DFS) juntamente com as m\u00e1quinas S\u00e9rie K (BEKT, BEKY e BEKS).<\/td>\n<td align=\"left\"><a href=\"https:\/\/barudan.com.br\/site\/wp-content\/uploads\/2023\/09\/Design-File-Server_Serie_K.pdf\"><img decoding=\"async\" class=\"aligncenter wp-image-662 size-full\" src=\"https:\/\/barudan.com.br\/site\/wp-content\/uploads\/2023\/05\/download.png\" alt=\"\" width=\"35\" height=\"35\" \/><\/a><\/td>\n<\/tr>\n<tr>\n<td align=\"left\">DFS &#8211; X<\/td>\n<td align=\"left\">Manual de instru\u00e7\u00f5es para operar o software de transfer\u00eancia de bordados Design File Server (DFS) juntamente com as m\u00e1quinas S\u00e9rie X (BEXT, BEXY e BEXS).<\/td>\n<td align=\"left\"><a href=\"https:\/\/barudan.com.br\/site\/wp-content\/uploads\/2023\/08\/Design-File-Server_Serie_X.pdf\"><img decoding=\"async\" class=\"aligncenter wp-image-662 size-full\" src=\"https:\/\/barudan.com.br\/site\/wp-content\/uploads\/2023\/05\/download.png\" alt=\"\" width=\"35\" height=\"35\" \/><\/a><\/td>\n<\/tr>\n<tr>\n<td align=\"left\">DFS &#8211; V\/D<\/td>\n<td align=\"left\">Manual de instru\u00e7\u00f5es para operar o software de transfer\u00eancia de bordados Design File Server (DFS) juntamente com as m\u00e1quinas S\u00e9rie V e S\u00e9rie D.<\/td>\n<td align=\"left\"><a href=\"https:\/\/barudan.com.br\/site\/wp-content\/uploads\/2023\/09\/Design-File-Server_Serie_D_V.pdf\"><img decoding=\"async\" class=\"aligncenter wp-image-662 size-full\" src=\"https:\/\/barudan.com.br\/site\/wp-content\/uploads\/2023\/05\/download.png\" alt=\"\" width=\"35\" height=\"35\" \/><\/a><\/td>\n<\/tr>\n<tr>\n<td align=\"left\">Bon\u00e9<\/td>\n<td align=\"left\">Instru\u00e7\u00e3o de montagem do Bastidor de Bon\u00e9 modelo \u201cshaft-less\u201d (sem pino). Pode ser montado em todas as m\u00e1quinas de um cabe\u00e7ote e multi cabe\u00e7otes, SERVO, que abaixam a mesa da s\u00e9rie BEV&#8230; BEX\u2026 e BEK&#8230;<\/td>\n<td align=\"left\"><a href=\"https:\/\/barudan.com.br\/site\/wp-content\/uploads\/2023\/08\/Bone-shaft-less.pdf\"><img decoding=\"async\" class=\"aligncenter wp-image-662 size-full\" src=\"https:\/\/barudan.com.br\/site\/wp-content\/uploads\/2023\/05\/download.png\" alt=\"\" width=\"35\" height=\"35\" \/><\/a><\/td>\n<\/tr>\n<tr id=\"linha-impar\">\n<td align=\"left\">Bon\u00e9<\/td>\n<td align=\"left\">Instru\u00e7\u00e3o de montagem do Bastidor de Bon\u00e9 modelo \u201cQS\u201d. Pode ser montado em todas as m\u00e1quinas de um cabe\u00e7ote e multi cabe\u00e7otes, que abaixam a mesa da s\u00e9rie BED\u2026, BEV\u2026 e BEX\u2026<\/td>\n<td align=\"left\"><a href=\"https:\/\/barudan.com.br\/site\/wp-content\/uploads\/2023\/08\/Bone-QS.pdf\"><img decoding=\"async\" class=\"aligncenter wp-image-662 size-full\" src=\"https:\/\/barudan.com.br\/site\/wp-content\/uploads\/2023\/05\/download.png\" alt=\"\" width=\"35\" height=\"35\" \/><\/a><\/td>\n<\/tr>\n<tr>\n<td align=\"left\">C\u00f3digos<\/td>\n<td align=\"left\">Tabela com descri\u00e7\u00e3o de todos os\u00a0<strong>c\u00f3digos de erros<\/strong>\u00a0dos modelos da d\u00e9cada de 90, s\u00e9rie BEMY e BEMX.<\/td>\n<td align=\"left\"><a href=\"https:\/\/barudan.com.br\/site\/wp-content\/uploads\/2023\/08\/Codigos-de-Erro_MY_MX.pdf\"><img decoding=\"async\" class=\"aligncenter wp-image-662 size-full\" src=\"https:\/\/barudan.com.br\/site\/wp-content\/uploads\/2023\/05\/download.png\" alt=\"\" width=\"35\" height=\"35\" \/><\/a><\/td>\n<\/tr>\n<tr>\n<td align=\"left\">Lubrifica\u00e7\u00e3o<\/td>\n<td align=\"left\">Tabela com descri\u00e7\u00e3o de todos os pontos de\u00a0<strong>lubrifica\u00e7\u00e3o<\/strong> das m\u00e1quinas de um cabe\u00e7ote, modelo Elite Jr. (BEDT-ZN-101 &amp; BEVT-Z901CA).<\/td>\n<td align=\"left\"><a href=\"https:\/\/barudan.com.br\/site\/wp-content\/uploads\/2023\/08\/Lubrific-Elite_Jr.pdf\"><img decoding=\"async\" class=\"aligncenter wp-image-662 size-full\" src=\"https:\/\/barudan.com.br\/site\/wp-content\/uploads\/2023\/05\/download.png\" alt=\"\" width=\"35\" height=\"35\" \/><\/a><\/td>\n<\/tr>\n<tr id=\"linha-impar\">\n<td align=\"left\">Lubrifica\u00e7\u00e3o<\/td>\n<td align=\"left\">Tabela com descri\u00e7\u00e3o de todos os pontos de\u00a0<strong>lubrifica\u00e7\u00e3o<\/strong> das m\u00e1quinas de um cabe\u00e7ote, modelo Elite Pro. (BEDT-ZQ-501 &amp; BEVT-Z1501CB).<\/td>\n<td align=\"left\"><a href=\"https:\/\/barudan.com.br\/site\/wp-content\/uploads\/2023\/08\/Lubrific-Elite_Pro.pdf\"><img decoding=\"async\" class=\"aligncenter wp-image-662 size-full\" src=\"https:\/\/barudan.com.br\/site\/wp-content\/uploads\/2023\/05\/download.png\" alt=\"\" width=\"35\" height=\"35\" \/><\/a><\/td>\n<\/tr>\n<tr>\n<td align=\"left\">Lubrifica\u00e7\u00e3o<\/td>\n<td align=\"left\">Tabela com descri\u00e7\u00e3o de todos os pontos de\u00a0<strong>lubrifica\u00e7\u00e3o<\/strong> das m\u00e1quinas de uma cabe\u00e7ote S901CAII e S1501CAII.<\/td>\n<td align=\"left\"><a href=\"https:\/\/barudan.com.br\/site\/wp-content\/uploads\/2023\/08\/Lubrific-Elite_Jr2.pdf\"><img decoding=\"async\" class=\"aligncenter wp-image-662 size-full\" src=\"https:\/\/barudan.com.br\/site\/wp-content\/uploads\/2023\/05\/download.png\" alt=\"\" width=\"35\" height=\"35\" \/><\/a><\/td>\n<\/tr>\n<tr id=\"linha-impar\">\n<td align=\"left\">Lubrifica\u00e7\u00e3o<\/td>\n<td align=\"left\">Tabela com descri\u00e7\u00e3o de todos os pontos de <strong>lubrifica\u00e7\u00e3o<\/strong> das m\u00e1quinas de um cabe\u00e7ote, Z1501CBII.<\/td>\n<td align=\"left\"><a href=\"https:\/\/barudan.com.br\/site\/wp-content\/uploads\/2023\/08\/Lubrific-Elite_Pro2.pdf\"><img decoding=\"async\" class=\"aligncenter wp-image-662 size-full\" src=\"https:\/\/barudan.com.br\/site\/wp-content\/uploads\/2023\/05\/download.png\" alt=\"\" width=\"35\" height=\"35\" \/><\/a><\/td>\n<\/tr>\n<tr>\n<td align=\"left\">Lubrifica\u00e7\u00e3o<\/td>\n<td align=\"left\">Tabela com descri\u00e7\u00e3o de todos os pontos de\u00a0<strong>lubrifica\u00e7\u00e3o<\/strong>\u00a0de todas as\u00a0m\u00e1quinas com 9 agulhas \u2013\u00a0cabe\u00e7ote rotativo.\u00a0(YN &amp; Y9, 1000rpm &amp; 1200rpm)<\/td>\n<td align=\"left\"><a href=\"https:\/\/barudan.com.br\/site\/wp-content\/uploads\/2023\/08\/Lubrific-Y9.pdf\"><img decoding=\"async\" class=\"aligncenter wp-image-662 size-full\" src=\"https:\/\/barudan.com.br\/site\/wp-content\/uploads\/2023\/05\/download.png\" alt=\"\" width=\"35\" height=\"35\" \/><\/a><\/td>\n<\/tr>\n<tr id=\"linha-impar\">\n<td align=\"left\">Lubrifica\u00e7\u00e3o<\/td>\n<td align=\"left\">Tabela com descri\u00e7\u00e3o de todos os pontos de\u00a0<strong>lubrifica\u00e7\u00e3o<\/strong>\u00a0de todas as m\u00e1quinas com 12 agulhas plana. (Z12, 1000rpm)<\/td>\n<td align=\"left\"><a href=\"https:\/\/barudan.com.br\/site\/wp-content\/uploads\/2023\/08\/Lubrific-Z12_Z15_Plana.pdf\"><img decoding=\"async\" class=\"aligncenter wp-image-662 size-full\" src=\"https:\/\/barudan.com.br\/site\/wp-content\/uploads\/2023\/05\/download.png\" alt=\"\" width=\"35\" height=\"35\" \/><\/a><\/td>\n<\/tr>\n<tr>\n<td align=\"left\">Lubrifica\u00e7\u00e3o<\/td>\n<td align=\"left\">Tabela com descri\u00e7\u00e3o de todos os pontos de\u00a0<strong>lubrifica\u00e7\u00e3o<\/strong>\u00a0de todas as m\u00e1quinas com 15 agulhas que\u00a0<strong>abaixam a mesa<\/strong>. (ZQ &amp; Z15, 1000rpm)<\/td>\n<td align=\"left\"><a href=\"https:\/\/barudan.com.br\/site\/wp-content\/uploads\/2023\/08\/Lubrific-Z15.pdf\"><img decoding=\"async\" class=\"aligncenter wp-image-662 size-full\" src=\"https:\/\/barudan.com.br\/site\/wp-content\/uploads\/2023\/05\/download.png\" alt=\"\" width=\"35\" height=\"35\" \/><\/a><\/td>\n<\/tr>\n<tr id=\"linha-impar\">\n<td align=\"left\">Lubrifica\u00e7\u00e3o<\/td>\n<td align=\"left\">Tabela com descri\u00e7\u00e3o de todos os pontos de\u00a0<strong>lubrifica\u00e7\u00e3o<\/strong>\u00a0das m\u00e1quinas com 15 agulhas, s\u00e9rie X ou K\u00a0<strong>planas<\/strong>. (S15_II)<\/td>\n<td align=\"left\"><a href=\"https:\/\/barudan.com.br\/site\/wp-content\/uploads\/2023\/08\/Lubrific-S15_Plana.pdf\"><img decoding=\"async\" class=\"aligncenter wp-image-662 size-full\" src=\"https:\/\/barudan.com.br\/site\/wp-content\/uploads\/2023\/05\/download.png\" alt=\"\" width=\"35\" height=\"35\" \/><\/a><\/td>\n<\/tr>\n<tr>\n<td align=\"left\">Lubrifica\u00e7\u00e3o<\/td>\n<td align=\"left\">Tabela com descri\u00e7\u00e3o de todos os pontos de\u00a0<strong>lubrifica\u00e7\u00e3o<\/strong>\u00a0das m\u00e1quinas com 15 agulhas, s\u00e9rie X ou K que\u00a0<strong>abaixam a mesa<\/strong>. (S15_CII)<\/td>\n<td align=\"left\"><a href=\"https:\/\/barudan.com.br\/site\/wp-content\/uploads\/2023\/08\/Lubrific-S15_Drop.pdf\"><img decoding=\"async\" class=\"aligncenter wp-image-662 size-full\" src=\"https:\/\/barudan.com.br\/site\/wp-content\/uploads\/2023\/05\/download.png\" alt=\"\" width=\"35\" height=\"35\" \/><\/a><\/td>\n<\/tr>\n<\/tbody>\n<\/table>\n<\/div>\n<\/div><\/div><\/div><\/div>\n","protected":false},"excerpt":{"rendered":"","protected":false},"author":1,"featured_media":0,"parent":566,"menu_order":0,"comment_status":"closed","ping_status":"closed","template":"","meta":{"footnotes":""},"class_list":["post-584","page","type-page","status-publish","hentry"],"_links":{"self":[{"href":"https:\/\/barudan.com.br\/site\/wp-json\/wp\/v2\/pages\/584","targetHints":{"allow":["GET"]}}],"collection":[{"href":"https:\/\/barudan.com.br\/site\/wp-json\/wp\/v2\/pages"}],"about":[{"href":"https:\/\/barudan.com.br\/site\/wp-json\/wp\/v2\/types\/page"}],"author":[{"embeddable":true,"href":"https:\/\/barudan.com.br\/site\/wp-json\/wp\/v2\/users\/1"}],"replies":[{"embeddable":true,"href":"https:\/\/barudan.com.br\/site\/wp-json\/wp\/v2\/comments?post=584"}],"version-history":[{"count":15,"href":"https:\/\/barudan.com.br\/site\/wp-json\/wp\/v2\/pages\/584\/revisions"}],"predecessor-version":[{"id":2403,"href":"https:\/\/barudan.com.br\/site\/wp-json\/wp\/v2\/pages\/584\/revisions\/2403"}],"up":[{"embeddable":true,"href":"https:\/\/barudan.com.br\/site\/wp-json\/wp\/v2\/pages\/566"}],"wp:attachment":[{"href":"https:\/\/barudan.com.br\/site\/wp-json\/wp\/v2\/media?parent=584"}],"curies":[{"name":"wp","href":"https:\/\/api.w.org\/{rel}","templated":true}]}}