{"id":598,"date":"2023-05-27T08:16:54","date_gmt":"2023-05-27T11:16:54","guid":{"rendered":"http:\/\/br576.teste.website\/~baruda15\/temporario.com\/?page_id=598"},"modified":"2023-09-01T12:09:53","modified_gmt":"2023-09-01T15:09:53","slug":"acessorios","status":"publish","type":"page","link":"https:\/\/barudan.com.br\/site\/acessorios\/","title":{"rendered":"Acess\u00f3rios"},"content":{"rendered":"<div class=\"fusion-fullwidth fullwidth-box fusion-builder-row-1 fusion-flex-container has-pattern-background has-mask-background nonhundred-percent-fullwidth non-hundred-percent-height-scrolling\" style=\"--awb-border-radius-top-left:0px;--awb-border-radius-top-right:0px;--awb-border-radius-bottom-right:0px;--awb-border-radius-bottom-left:0px;--awb-flex-wrap:wrap;\" ><div class=\"fusion-builder-row fusion-row fusion-flex-align-items-flex-start fusion-flex-content-wrap\" style=\"max-width:1248px;margin-left: calc(-4% \/ 2 );margin-right: calc(-4% \/ 2 );\"><div class=\"fusion-layout-column fusion_builder_column fusion-builder-column-0 fusion_builder_column_1_1 1_1 fusion-flex-column\" style=\"--awb-bg-size:cover;--awb-width-large:100%;--awb-margin-top-large:0px;--awb-spacing-right-large:1.92%;--awb-margin-bottom-large:20px;--awb-spacing-left-large:1.92%;--awb-width-medium:100%;--awb-order-medium:0;--awb-spacing-right-medium:1.92%;--awb-spacing-left-medium:1.92%;--awb-width-small:100%;--awb-order-small:0;--awb-spacing-right-small:1.92%;--awb-spacing-left-small:1.92%;\"><div class=\"fusion-column-wrapper fusion-column-has-shadow fusion-flex-justify-content-flex-start fusion-content-layout-column\"><div class=\"fusion-text fusion-text-1\"><h5>Conhe\u00e7a os acess\u00f3rios para m\u00e1quinas Barudan dispon\u00edveis no mercado brasileiro.<\/h5>\n<\/div><style type=\"text\/css\">.fusion-portfolio-wrapper#fusion-portfolio-1 .fusion-portfolio-content{  text-align: left; }<\/style><div class=\"fusion-recent-works fusion-portfolio-element fusion-portfolio fusion-portfolio-1 fusion-portfolio-grid fusion-portfolio-paging-pagination fusion-portfolio-four fusion-portfolio-unboxed fusion-portfolio-text fusion-portfolio-equal-heights\" data-id=\"-rw-1\" data-columns=\"four\"><div><ul class=\"fusion-filters\" role=\"menu\" aria-label=\"Portfolio Filters\"><li role=\"presentation\" class=\"fusion-filter fusion-filter-all fusion-active\"><a href=\"#\" data-filter=\"*\" role=\"menuitem\">All<\/a><\/li><li role=\"presentation\" class=\"fusion-filter fusion-hidden\"><a href=\"#\" data-filter=\".aplicador-de-lantejoulas\" role=\"menuitem\">Aplicador de Lantejoulas<\/a><\/li><li role=\"presentation\" class=\"fusion-filter fusion-hidden\"><a href=\"#\" data-filter=\".bastidores\" role=\"menuitem\">Bastidores<\/a><\/li><li role=\"presentation\" class=\"fusion-filter fusion-hidden\"><a href=\"#\" data-filter=\".funcao-j\" role=\"menuitem\">Fun\u00e7\u00e3o J<\/a><\/li><li role=\"presentation\" class=\"fusion-filter fusion-hidden\"><a href=\"#\" data-filter=\".leitor-de-usb\" role=\"menuitem\">Leitor de USB<\/a><\/li><li role=\"presentation\" class=\"fusion-filter fusion-hidden\"><a href=\"#\" data-filter=\".mira-laser\" role=\"menuitem\">Mira Laser<\/a><\/li><li role=\"presentation\" class=\"fusion-filter fusion-hidden\"><a href=\"#\" data-filter=\".monitores-coloridos\" role=\"menuitem\">Monitores Coloridos<\/a><\/li><\/ul><\/div><style type=\"text\/css\">.fusion-portfolio-1 .fusion-portfolio-wrapper .fusion-col-spacing{padding:15px;}<\/style><div class=\"fusion-portfolio-wrapper\" id=\"fusion-portfolio-1\" data-picturesize=\"auto\" data-pages=\"1\" style=\"margin:-15px;\"><article id=\"portfolio-1-post-934\" class=\"fusion-portfolio-post leitor-de-usb fusion-col-spacing post-934\"><div class=\"fusion-portfolio-content-wrapper\" style=\"border:none;\"><span class=\"vcard rich-snippet-hidden\"><span class=\"fn\"><a href=\"https:\/\/barudan.com.br\/site\/author\/pinzon17\/\" title=\"Posts de Marco Alonso\" rel=\"author\">Marco Alonso<\/a><\/span><\/span><span class=\"updated rich-snippet-hidden\">2023-07-16T10:29:55-03:00<\/span><div  class=\"fusion-image-wrapper\" aria-haspopup=\"true\">\n\t\t\t\t\t\t\t<a href=\"https:\/\/barudan.com.br\/site\/portfolio-items\/leitor-de-usb-sfrd\/?portfolioCats=20%2C22%2C31%2C19%2C23%2C24%2C21\" aria-label=\"Leitor de USB SFRD\">\n\t\t\t\t\t\t\t<img decoding=\"async\" width=\"946\" height=\"452\" src=\"https:\/\/barudan.com.br\/site\/wp-content\/uploads\/2023\/06\/Leitor-de-USB-SFRD.jpg\" class=\"attachment-full size-full wp-post-image\" alt=\"\" srcset=\"https:\/\/barudan.com.br\/site\/wp-content\/uploads\/2023\/06\/Leitor-de-USB-SFRD-200x96.jpg 200w, https:\/\/barudan.com.br\/site\/wp-content\/uploads\/2023\/06\/Leitor-de-USB-SFRD-400x191.jpg 400w, https:\/\/barudan.com.br\/site\/wp-content\/uploads\/2023\/06\/Leitor-de-USB-SFRD-600x287.jpg 600w, https:\/\/barudan.com.br\/site\/wp-content\/uploads\/2023\/06\/Leitor-de-USB-SFRD-800x382.jpg 800w, https:\/\/barudan.com.br\/site\/wp-content\/uploads\/2023\/06\/Leitor-de-USB-SFRD.jpg 946w\" sizes=\"(min-width: 2200px) 100vw, (min-width: 856px) 278px, (min-width: 784px) 370px, (min-width: 712px) 555px, (min-width: 640px) 712px, \" \/>\t\t\t<\/a>\n\t\t\t\t\t\t\t<\/div>\n<div class=\"fusion-portfolio-content\"><h2 class=\"entry-title fusion-post-title\"><a href=\"https:\/\/barudan.com.br\/site\/portfolio-items\/leitor-de-usb-sfrd\/?portfolioCats=20%2C22%2C31%2C19%2C23%2C24%2C21\">Leitor de USB SFRD<\/a><\/h2><div class=\"fusion-portfolio-meta\"><a href=\"https:\/\/barudan.com.br\/site\/portfolio_category\/leitor-de-usb\/\" rel=\"tag\">Leitor de USB<\/a><\/div><div class=\"fusion-post-content\"><\/div><\/div><\/div><\/article><article id=\"portfolio-1-post-952\" class=\"fusion-portfolio-post bastidores fusion-col-spacing post-952\"><div class=\"fusion-portfolio-content-wrapper\" style=\"border:none;\"><span class=\"vcard rich-snippet-hidden\"><span class=\"fn\"><a href=\"https:\/\/barudan.com.br\/site\/author\/pinzon17\/\" title=\"Posts de Marco Alonso\" rel=\"author\">Marco Alonso<\/a><\/span><\/span><span class=\"updated rich-snippet-hidden\">2024-06-14T10:50:03-03:00<\/span><div  class=\"fusion-image-wrapper\" aria-haspopup=\"true\">\n\t\t\t\t\t\t\t<a href=\"https:\/\/barudan.com.br\/site\/portfolio-items\/bastidores\/?portfolioCats=20%2C22%2C31%2C19%2C23%2C24%2C21\" aria-label=\"Bastidores\">\n\t\t\t\t\t\t\t<img decoding=\"async\" width=\"2560\" height=\"1220\" src=\"https:\/\/barudan.com.br\/site\/wp-content\/uploads\/2023\/06\/Bast1site-scaled.jpg\" class=\"attachment-full size-full wp-post-image\" alt=\"\" srcset=\"https:\/\/barudan.com.br\/site\/wp-content\/uploads\/2023\/06\/Bast1site-200x95.jpg 200w, https:\/\/barudan.com.br\/site\/wp-content\/uploads\/2023\/06\/Bast1site-400x191.jpg 400w, https:\/\/barudan.com.br\/site\/wp-content\/uploads\/2023\/06\/Bast1site-600x286.jpg 600w, https:\/\/barudan.com.br\/site\/wp-content\/uploads\/2023\/06\/Bast1site-800x381.jpg 800w, https:\/\/barudan.com.br\/site\/wp-content\/uploads\/2023\/06\/Bast1site-1200x572.jpg 1200w, https:\/\/barudan.com.br\/site\/wp-content\/uploads\/2023\/06\/Bast1site-scaled.jpg 2560w\" sizes=\"(min-width: 2200px) 100vw, (min-width: 856px) 278px, (min-width: 784px) 370px, (min-width: 712px) 555px, (min-width: 640px) 712px, \" \/>\t\t\t<\/a>\n\t\t\t\t\t\t\t<\/div>\n<div class=\"fusion-portfolio-content\"><h2 class=\"entry-title fusion-post-title\"><a href=\"https:\/\/barudan.com.br\/site\/portfolio-items\/bastidores\/?portfolioCats=20%2C22%2C31%2C19%2C23%2C24%2C21\">Bastidores<\/a><\/h2><div class=\"fusion-portfolio-meta\"><a href=\"https:\/\/barudan.com.br\/site\/portfolio_category\/bastidores\/\" rel=\"tag\">Bastidores<\/a><\/div><div class=\"fusion-post-content\"><\/div><\/div><\/div><\/article><article id=\"portfolio-1-post-962\" class=\"fusion-portfolio-post mira-laser fusion-col-spacing post-962\"><div class=\"fusion-portfolio-content-wrapper\" style=\"border:none;\"><span class=\"vcard rich-snippet-hidden\"><span class=\"fn\"><a href=\"https:\/\/barudan.com.br\/site\/author\/pinzon17\/\" title=\"Posts de Marco Alonso\" rel=\"author\">Marco Alonso<\/a><\/span><\/span><span class=\"updated rich-snippet-hidden\">2023-07-16T10:22:39-03:00<\/span><div  class=\"fusion-image-wrapper\" aria-haspopup=\"true\">\n\t\t\t\t\t\t\t<a href=\"https:\/\/barudan.com.br\/site\/portfolio-items\/mira-laser\/?portfolioCats=20%2C22%2C31%2C19%2C23%2C24%2C21\" aria-label=\"Mira Laser\">\n\t\t\t\t\t\t\t<img decoding=\"async\" width=\"2560\" height=\"1220\" src=\"https:\/\/barudan.com.br\/site\/wp-content\/uploads\/2023\/06\/MiraLas3-scaled.jpg\" class=\"attachment-full size-full wp-post-image\" alt=\"\" srcset=\"https:\/\/barudan.com.br\/site\/wp-content\/uploads\/2023\/06\/MiraLas3-200x95.jpg 200w, https:\/\/barudan.com.br\/site\/wp-content\/uploads\/2023\/06\/MiraLas3-400x191.jpg 400w, https:\/\/barudan.com.br\/site\/wp-content\/uploads\/2023\/06\/MiraLas3-600x286.jpg 600w, https:\/\/barudan.com.br\/site\/wp-content\/uploads\/2023\/06\/MiraLas3-800x381.jpg 800w, https:\/\/barudan.com.br\/site\/wp-content\/uploads\/2023\/06\/MiraLas3-1200x572.jpg 1200w, https:\/\/barudan.com.br\/site\/wp-content\/uploads\/2023\/06\/MiraLas3-scaled.jpg 2560w\" sizes=\"(min-width: 2200px) 100vw, (min-width: 856px) 278px, (min-width: 784px) 370px, (min-width: 712px) 555px, (min-width: 640px) 712px, \" \/>\t\t\t<\/a>\n\t\t\t\t\t\t\t<\/div>\n<div class=\"fusion-portfolio-content\"><h2 class=\"entry-title fusion-post-title\"><a href=\"https:\/\/barudan.com.br\/site\/portfolio-items\/mira-laser\/?portfolioCats=20%2C22%2C31%2C19%2C23%2C24%2C21\">Mira Laser<\/a><\/h2><div class=\"fusion-portfolio-meta\"><a href=\"https:\/\/barudan.com.br\/site\/portfolio_category\/mira-laser\/\" rel=\"tag\">Mira Laser<\/a><\/div><div class=\"fusion-post-content\"><\/div><\/div><\/div><\/article><article id=\"portfolio-1-post-869\" class=\"fusion-portfolio-post aplicador-de-lantejoulas maquinas-especiais fusion-col-spacing post-869\"><div class=\"fusion-portfolio-content-wrapper\" style=\"border:none;\"><span class=\"vcard rich-snippet-hidden\"><span class=\"fn\"><a href=\"https:\/\/barudan.com.br\/site\/author\/pinzon17\/\" title=\"Posts de Marco Alonso\" rel=\"author\">Marco Alonso<\/a><\/span><\/span><span class=\"updated rich-snippet-hidden\">2024-08-14T15:24:39-03:00<\/span><div  class=\"fusion-image-wrapper\" aria-haspopup=\"true\">\n\t\t\t\t\t\t\t<a href=\"https:\/\/barudan.com.br\/site\/portfolio-items\/lantejoulas\/?portfolioCats=20%2C22%2C31%2C19%2C23%2C24%2C21\" aria-label=\"Lantejoulas\">\n\t\t\t\t\t\t\t<img decoding=\"async\" width=\"1088\" height=\"450\" src=\"https:\/\/barudan.com.br\/site\/wp-content\/uploads\/2023\/06\/NovoAplic1.jpg\" class=\"attachment-full size-full wp-post-image\" alt=\"\" srcset=\"https:\/\/barudan.com.br\/site\/wp-content\/uploads\/2023\/06\/NovoAplic1-200x83.jpg 200w, https:\/\/barudan.com.br\/site\/wp-content\/uploads\/2023\/06\/NovoAplic1-400x165.jpg 400w, https:\/\/barudan.com.br\/site\/wp-content\/uploads\/2023\/06\/NovoAplic1-600x248.jpg 600w, https:\/\/barudan.com.br\/site\/wp-content\/uploads\/2023\/06\/NovoAplic1-800x331.jpg 800w, https:\/\/barudan.com.br\/site\/wp-content\/uploads\/2023\/06\/NovoAplic1.jpg 1088w\" sizes=\"(min-width: 2200px) 100vw, (min-width: 856px) 278px, (min-width: 784px) 370px, (min-width: 712px) 555px, (min-width: 640px) 712px, \" \/>\t\t\t<\/a>\n\t\t\t\t\t\t\t<\/div>\n<div class=\"fusion-portfolio-content\"><h2 class=\"entry-title fusion-post-title\"><a href=\"https:\/\/barudan.com.br\/site\/portfolio-items\/lantejoulas\/?portfolioCats=20%2C22%2C31%2C19%2C23%2C24%2C21\">Lantejoulas<\/a><\/h2><div class=\"fusion-portfolio-meta\"><a href=\"https:\/\/barudan.com.br\/site\/portfolio_category\/aplicador-de-lantejoulas\/\" rel=\"tag\">Aplicador de Lantejoulas<\/a>, <a href=\"https:\/\/barudan.com.br\/site\/portfolio_category\/maquinas-especiais\/\" rel=\"tag\">M\u00e1quinas Especiais<\/a><\/div><div class=\"fusion-post-content\"><\/div><\/div><\/div><\/article><article id=\"portfolio-1-post-969\" class=\"fusion-portfolio-post monitores-coloridos fusion-col-spacing post-969\"><div class=\"fusion-portfolio-content-wrapper\" style=\"border:none;\"><span class=\"vcard rich-snippet-hidden\"><span class=\"fn\"><a href=\"https:\/\/barudan.com.br\/site\/author\/pinzon17\/\" title=\"Posts de Marco Alonso\" rel=\"author\">Marco Alonso<\/a><\/span><\/span><span class=\"updated rich-snippet-hidden\">2024-08-14T14:36:31-03:00<\/span><div  class=\"fusion-image-wrapper\" aria-haspopup=\"true\">\n\t\t\t\t\t\t\t<a href=\"https:\/\/barudan.com.br\/site\/portfolio-items\/painel-de-comando-serie-kt\/?portfolioCats=20%2C22%2C31%2C19%2C23%2C24%2C21\" aria-label=\"Painel de Comando S\u00e9rie \u201cKT\u201d\">\n\t\t\t\t\t\t\t<img decoding=\"async\" width=\"1074\" height=\"440\" src=\"https:\/\/barudan.com.br\/site\/wp-content\/uploads\/2023\/06\/MonitorKT.jpg\" class=\"attachment-full size-full wp-post-image\" alt=\"\" srcset=\"https:\/\/barudan.com.br\/site\/wp-content\/uploads\/2023\/06\/MonitorKT-200x82.jpg 200w, https:\/\/barudan.com.br\/site\/wp-content\/uploads\/2023\/06\/MonitorKT-400x164.jpg 400w, https:\/\/barudan.com.br\/site\/wp-content\/uploads\/2023\/06\/MonitorKT-600x246.jpg 600w, https:\/\/barudan.com.br\/site\/wp-content\/uploads\/2023\/06\/MonitorKT-800x328.jpg 800w, https:\/\/barudan.com.br\/site\/wp-content\/uploads\/2023\/06\/MonitorKT.jpg 1074w\" sizes=\"(min-width: 2200px) 100vw, (min-width: 856px) 278px, (min-width: 784px) 370px, (min-width: 712px) 555px, (min-width: 640px) 712px, \" \/>\t\t\t<\/a>\n\t\t\t\t\t\t\t<\/div>\n<div class=\"fusion-portfolio-content\"><h2 class=\"entry-title fusion-post-title\"><a href=\"https:\/\/barudan.com.br\/site\/portfolio-items\/painel-de-comando-serie-kt\/?portfolioCats=20%2C22%2C31%2C19%2C23%2C24%2C21\">Painel de Comando S\u00e9rie \u201cKT\u201d<\/a><\/h2><div class=\"fusion-portfolio-meta\"><a href=\"https:\/\/barudan.com.br\/site\/portfolio_category\/monitores-coloridos\/\" rel=\"tag\">Monitores Coloridos<\/a><\/div><div class=\"fusion-post-content\"><\/div><\/div><\/div><\/article><article id=\"portfolio-1-post-973\" class=\"fusion-portfolio-post monitores-coloridos fusion-col-spacing post-973\"><div class=\"fusion-portfolio-content-wrapper\" style=\"border:none;\"><span class=\"vcard rich-snippet-hidden\"><span class=\"fn\"><a href=\"https:\/\/barudan.com.br\/site\/author\/pinzon17\/\" title=\"Posts de Marco Alonso\" rel=\"author\">Marco Alonso<\/a><\/span><\/span><span class=\"updated rich-snippet-hidden\">2024-08-14T14:37:11-03:00<\/span><div  class=\"fusion-image-wrapper\" aria-haspopup=\"true\">\n\t\t\t\t\t\t\t<a href=\"https:\/\/barudan.com.br\/site\/portfolio-items\/painel-de-comando-serie-ky-ks\/?portfolioCats=20%2C22%2C31%2C19%2C23%2C24%2C21\" aria-label=\"Painel de Comando S\u00e9rie \u201cKY \/ KS\u201d\">\n\t\t\t\t\t\t\t<img decoding=\"async\" width=\"1074\" height=\"440\" src=\"https:\/\/barudan.com.br\/site\/wp-content\/uploads\/2023\/06\/MonitorKYKS.jpg\" class=\"attachment-full size-full wp-post-image\" alt=\"\" srcset=\"https:\/\/barudan.com.br\/site\/wp-content\/uploads\/2023\/06\/MonitorKYKS-200x82.jpg 200w, https:\/\/barudan.com.br\/site\/wp-content\/uploads\/2023\/06\/MonitorKYKS-400x164.jpg 400w, https:\/\/barudan.com.br\/site\/wp-content\/uploads\/2023\/06\/MonitorKYKS-600x246.jpg 600w, https:\/\/barudan.com.br\/site\/wp-content\/uploads\/2023\/06\/MonitorKYKS-800x328.jpg 800w, https:\/\/barudan.com.br\/site\/wp-content\/uploads\/2023\/06\/MonitorKYKS.jpg 1074w\" sizes=\"(min-width: 2200px) 100vw, (min-width: 856px) 278px, (min-width: 784px) 370px, (min-width: 712px) 555px, (min-width: 640px) 712px, \" \/>\t\t\t<\/a>\n\t\t\t\t\t\t\t<\/div>\n<div class=\"fusion-portfolio-content\"><h2 class=\"entry-title fusion-post-title\"><a href=\"https:\/\/barudan.com.br\/site\/portfolio-items\/painel-de-comando-serie-ky-ks\/?portfolioCats=20%2C22%2C31%2C19%2C23%2C24%2C21\">Painel de Comando S\u00e9rie \u201cKY \/ KS\u201d<\/a><\/h2><div class=\"fusion-portfolio-meta\"><a href=\"https:\/\/barudan.com.br\/site\/portfolio_category\/monitores-coloridos\/\" rel=\"tag\">Monitores Coloridos<\/a><\/div><div class=\"fusion-post-content\"><\/div><\/div><\/div><\/article><article id=\"portfolio-1-post-1804\" class=\"fusion-portfolio-post funcao-j fusion-col-spacing post-1804\"><div class=\"fusion-portfolio-content-wrapper\" style=\"border:none;\"><span class=\"vcard rich-snippet-hidden\"><span class=\"fn\"><a href=\"https:\/\/barudan.com.br\/site\/author\/eneida\/\" title=\"Posts de Marketing Barudan\" rel=\"author\">Marketing Barudan<\/a><\/span><\/span><span class=\"updated rich-snippet-hidden\">2024-08-14T14:33:19-03:00<\/span><div  class=\"fusion-image-wrapper\" aria-haspopup=\"true\">\n\t\t\t\t\t\t\t<a href=\"https:\/\/barudan.com.br\/site\/portfolio-items\/funcao-j-2\/?portfolioCats=20%2C22%2C31%2C19%2C23%2C24%2C21\" aria-label=\"Fun\u00e7\u00e3o J\">\n\t\t\t\t\t\t\t<img decoding=\"async\" width=\"1087\" height=\"450\" src=\"https:\/\/barudan.com.br\/site\/wp-content\/uploads\/2023\/08\/1.jpg\" class=\"attachment-full size-full wp-post-image\" alt=\"\" srcset=\"https:\/\/barudan.com.br\/site\/wp-content\/uploads\/2023\/08\/1-200x83.jpg 200w, https:\/\/barudan.com.br\/site\/wp-content\/uploads\/2023\/08\/1-400x166.jpg 400w, https:\/\/barudan.com.br\/site\/wp-content\/uploads\/2023\/08\/1-600x248.jpg 600w, https:\/\/barudan.com.br\/site\/wp-content\/uploads\/2023\/08\/1-800x331.jpg 800w, https:\/\/barudan.com.br\/site\/wp-content\/uploads\/2023\/08\/1.jpg 1087w\" sizes=\"(min-width: 2200px) 100vw, (min-width: 856px) 278px, (min-width: 784px) 370px, (min-width: 712px) 555px, (min-width: 640px) 712px, \" \/>\t\t\t<\/a>\n\t\t\t\t\t\t\t<\/div>\n<div class=\"fusion-portfolio-content\"><h2 class=\"entry-title fusion-post-title\"><a href=\"https:\/\/barudan.com.br\/site\/portfolio-items\/funcao-j-2\/?portfolioCats=20%2C22%2C31%2C19%2C23%2C24%2C21\">Fun\u00e7\u00e3o J<\/a><\/h2><div class=\"fusion-portfolio-meta\"><a href=\"https:\/\/barudan.com.br\/site\/portfolio_category\/funcao-j\/\" rel=\"tag\">Fun\u00e7\u00e3o J<\/a><\/div><div class=\"fusion-post-content\"><\/div><\/div><\/div><\/article><\/div><\/div><\/div><\/div><\/div><\/div>\n","protected":false},"excerpt":{"rendered":"","protected":false},"author":1,"featured_media":0,"parent":0,"menu_order":0,"comment_status":"closed","ping_status":"closed","template":"100-width.php","meta":{"footnotes":""},"class_list":["post-598","page","type-page","status-publish","hentry"],"_links":{"self":[{"href":"https:\/\/barudan.com.br\/site\/wp-json\/wp\/v2\/pages\/598","targetHints":{"allow":["GET"]}}],"collection":[{"href":"https:\/\/barudan.com.br\/site\/wp-json\/wp\/v2\/pages"}],"about":[{"href":"https:\/\/barudan.com.br\/site\/wp-json\/wp\/v2\/types\/page"}],"author":[{"embeddable":true,"href":"https:\/\/barudan.com.br\/site\/wp-json\/wp\/v2\/users\/1"}],"replies":[{"embeddable":true,"href":"https:\/\/barudan.com.br\/site\/wp-json\/wp\/v2\/comments?post=598"}],"version-history":[{"count":12,"href":"https:\/\/barudan.com.br\/site\/wp-json\/wp\/v2\/pages\/598\/revisions"}],"predecessor-version":[{"id":1955,"href":"https:\/\/barudan.com.br\/site\/wp-json\/wp\/v2\/pages\/598\/revisions\/1955"}],"wp:attachment":[{"href":"https:\/\/barudan.com.br\/site\/wp-json\/wp\/v2\/media?parent=598"}],"curies":[{"name":"wp","href":"https:\/\/api.w.org\/{rel}","templated":true}]}}